{"id":169,"date":"2020-05-31T10:58:20","date_gmt":"2020-05-31T08:58:20","guid":{"rendered":"https:\/\/www.elowords.com\/en\/?page_id=169"},"modified":"2023-04-16T09:37:59","modified_gmt":"2023-04-16T07:37:59","slug":"legal","status":"publish","type":"page","link":"https:\/\/www.elowords.com\/en\/legal\/","title":{"rendered":"Legal"},"content":{"rendered":"<p style=\"text-align: center;\"><strong>ELOWORDS<\/strong><\/p>\n<p style=\"text-align: center;\"><strong>Headquarters<\/strong><\/p>\n<p style=\"text-align: center;\">2052, Kerompic Bian<\/p>\n<p style=\"text-align: center;\">29250 St-Pol-de-L\u00e9on<\/p>\n<p style=\"text-align: center;\">France<\/p>\n<p style=\"text-align: center;\">Tel : +33687393750<\/p>\n<p style=\"text-align: center;\">Siret: 524 795 192 00037<\/p>\n<p style=\"text-align: center;\"><span class=\"st\"> intracommunity VAT number<\/span>: \u00a0\u00a0\u00a0 FR25524795192\u00a0\u00a0\u00a0\u00a0\u00a0\u00a0\u00a0\u00a0\u00a0\u00a0\u00a0\u00a0\u00a0\u00a0\u00a0\u00a0\u00a0\u00a0\u00a0\u00a0\u00a0\u00a0\u00a0\u00a0\u00a0\u00a0\u00a0\u00a0\u00a0\u00a0\u00a0\u00a0\u00a0\u00a0\u00a0\u00a0\u00a0\u00a0\u00a0\u00a0\u00a0\u00a0\u00a0\u00a0\u00a0\u00a0\u00a0 <strong><br \/>\n<\/strong><\/p>\n<p style=\"text-align: center;\">Exempt from registration at the Registry of Trade and Companies (Registre du commerce et des soci\u00e9t\u00e9s or RCS) and at the Trade Directory (R\u00e9pertoire des m\u00e9tiers or RM)<\/p>\n<p>&nbsp;<\/p>\n<p style=\"text-align: center;\"><strong>Web host<\/strong><br \/>\nOVH<br \/>\n140 Quai du Sartel<br \/>\n59100 Roubaix<br \/>\nFrance<\/p>\n<p>Endorsed Soci\u00e9t\u00e9 Fran\u00e7aise des Traducteurs Code of\u00a0 Professional Conduct.<\/p>\n","protected":false},"excerpt":{"rendered":"<p>ELOWORDS Headquarters 2052, Kerompic Bian 29250 St-Pol-de-L\u00e9on France Tel : +33687393750 Siret: 524 795 192 00037 intracommunity VAT number: \u00a0\u00a0\u00a0 FR25524795192\u00a0\u00a0\u00a0\u00a0\u00a0\u00a0\u00a0\u00a0\u00a0\u00a0\u00a0\u00a0\u00a0\u00a0\u00a0\u00a0\u00a0\u00a0\u00a0\u00a0\u00a0\u00a0\u00a0\u00a0\u00a0\u00a0\u00a0\u00a0\u00a0\u00a0\u00a0\u00a0\u00a0\u00a0\u00a0\u00a0\u00a0\u00a0\u00a0\u00a0\u00a0\u00a0\u00a0\u00a0\u00a0\u00a0\u00a0 Exempt from registration at the Registry of Trade and Companies (Registre du commerce et des soci\u00e9t\u00e9s or RCS) and at the Trade Directory (R\u00e9pertoire des m\u00e9tiers or RM) &nbsp; Web host OVH 140 Quai [&hellip;]<\/p>\n","protected":false},"author":2,"featured_media":0,"parent":0,"menu_order":0,"comment_status":"closed","ping_status":"closed","template":"","meta":{"footnotes":""},"class_list":["post-169","page","type-page","status-publish","hentry","entry"],"aioseo_notices":[],"_links":{"self":[{"href":"https:\/\/www.elowords.com\/en\/wp-json\/wp\/v2\/pages\/169","targetHints":{"allow":["GET"]}}],"collection":[{"href":"https:\/\/www.elowords.com\/en\/wp-json\/wp\/v2\/pages"}],"about":[{"href":"https:\/\/www.elowords.com\/en\/wp-json\/wp\/v2\/types\/page"}],"author":[{"embeddable":true,"href":"https:\/\/www.elowords.com\/en\/wp-json\/wp\/v2\/users\/2"}],"replies":[{"embeddable":true,"href":"https:\/\/www.elowords.com\/en\/wp-json\/wp\/v2\/comments?post=169"}],"version-history":[{"count":5,"href":"https:\/\/www.elowords.com\/en\/wp-json\/wp\/v2\/pages\/169\/revisions"}],"predecessor-version":[{"id":337,"href":"https:\/\/www.elowords.com\/en\/wp-json\/wp\/v2\/pages\/169\/revisions\/337"}],"wp:attachment":[{"href":"https:\/\/www.elowords.com\/en\/wp-json\/wp\/v2\/media?parent=169"}],"curies":[{"name":"wp","href":"https:\/\/api.w.org\/{rel}","templated":true}]}}